{"id":42,"date":"2020-09-23T20:10:42","date_gmt":"2020-09-23T20:10:42","guid":{"rendered":"http:\/\/soroa-films.com\/?page_id=42"},"modified":"2020-10-13T10:54:23","modified_gmt":"2020-10-13T10:54:23","slug":"beste-batzuk","status":"publish","type":"page","link":"http:\/\/soroa-films.com\/index.php\/beste-batzuk\/","title":{"rendered":"Beste batzuk&#8230;"},"content":{"rendered":"<IMG align=\"center\" src= \"http:\/\/soroa-films.com\/wp-content\/uploads\/2020\/10\/DSC_0241-1-300x200.jpg\"\/>\r\n\r\n<h6> <P ALIGN=left >\r\nHerriko etxea dugu, kalea \r\neta 450 m.<sup>2<\/sup>-ko  <br \/>\r\nbaratzia eta bederatzi <br \/>\r\neserlekuko furgoneta <br \/>\r\ngrabaketarako.<\/h6>\r\n\r\n<br \/>\r\n\r\n<P ALIGN=left>\r\n\r\nWeb diseinua:<br>\r\n M\u00aa. Jos\u00e9 Ortega\r\n<br \/><br>\r\nWeb argazkia:<br>\r\n Lucca Mara\u00f1\u00f3n\r\n\r\n<!--[if lt IE 9]><script>document.createElement('audio');<\/script><![endif]-->\n<audio class=\"wp-audio-shortcode\" id=\"audio-42-1\" autoplay=\"1\" preload=\"none\" style=\"width: 100%;\" controls=\"controls\"><source type=\"audio\/mpeg\" src=\"http:\/\/soroa-films.com\/wp-content\/uploads\/2020\/09\/01-bellissima-alana-ok.mp3?_=1\" \/><a href=\"http:\/\/soroa-films.com\/wp-content\/uploads\/2020\/09\/01-bellissima-alana-ok.mp3\">http:\/\/soroa-films.com\/wp-content\/uploads\/2020\/09\/01-bellissima-alana-ok.mp3<\/a><\/audio>","protected":false},"excerpt":{"rendered":"<p>Herriko etxea dugu, kalea eta 450 m.2-ko baratzia eta bederatzi eserlekuko furgoneta grabaketarako. Web diseinua: M\u00aa. Jos\u00e9 Ortega Web argazkia: Lucca Mara\u00f1\u00f3n<\/p>\n","protected":false},"author":1,"featured_media":0,"parent":0,"menu_order":6,"comment_status":"closed","ping_status":"closed","template":"","meta":[],"yoast_head":"<!-- This site is optimized with the Yoast SEO plugin v15.0 - https:\/\/yoast.com\/wordpress\/plugins\/seo\/ -->\n<title>Beste batzuk... - SOROA<\/title>\n<meta name=\"robots\" content=\"index, follow, max-snippet:-1, max-image-preview:large, max-video-preview:-1\" \/>\n<link rel=\"canonical\" href=\"http:\/\/soroa-films.com\/index.php\/beste-batzuk\/\" \/>\n<meta property=\"og:locale\" content=\"es_ES\" \/>\n<meta property=\"og:type\" content=\"article\" \/>\n<meta property=\"og:title\" content=\"Beste batzuk... - SOROA\" \/>\n<meta property=\"og:description\" content=\"Herriko etxea dugu, kalea eta 450 m.2-ko baratzia eta bederatzi eserlekuko furgoneta grabaketarako. Web diseinua: M\u00aa. Jos\u00e9 Ortega Web argazkia: Lucca Mara\u00f1\u00f3n\" \/>\n<meta property=\"og:url\" content=\"http:\/\/soroa-films.com\/index.php\/beste-batzuk\/\" \/>\n<meta property=\"og:site_name\" content=\"SOROA\" \/>\n<meta property=\"article:modified_time\" content=\"2020-10-13T10:54:23+00:00\" \/>\n<meta name=\"twitter:card\" content=\"summary_large_image\" \/>\n<script type=\"application\/ld+json\" class=\"yoast-schema-graph\">{\"@context\":\"https:\/\/schema.org\",\"@graph\":[{\"@type\":\"Organization\",\"@id\":\"http:\/\/soroa-films.com\/#organization\",\"name\":\"Soroa\",\"url\":\"http:\/\/soroa-films.com\/\",\"sameAs\":[\"https:\/\/www.youtube.com\/channel\/UCAu52VoHk-DXJmIL6kFQDMw\"],\"logo\":{\"@type\":\"ImageObject\",\"@id\":\"http:\/\/soroa-films.com\/#logo\",\"inLanguage\":\"es\",\"url\":\"http:\/\/soroa-films.com\/wp-content\/uploads\/2020\/10\/Marca-Soroa.png\",\"width\":353,\"height\":77,\"caption\":\"Soroa\"},\"image\":{\"@id\":\"http:\/\/soroa-films.com\/#logo\"}},{\"@type\":\"WebSite\",\"@id\":\"http:\/\/soroa-films.com\/#website\",\"url\":\"http:\/\/soroa-films.com\/\",\"name\":\"SOROA Films\",\"description\":\"EKOIZPENA\/ PRODUCCI\\u00d3N\/ PRODUCTION\",\"publisher\":{\"@id\":\"http:\/\/soroa-films.com\/#organization\"},\"potentialAction\":[{\"@type\":\"SearchAction\",\"target\":\"http:\/\/soroa-films.com\/?s={search_term_string}\",\"query-input\":\"required name=search_term_string\"}],\"inLanguage\":\"es\"},{\"@type\":\"WebPage\",\"@id\":\"http:\/\/soroa-films.com\/index.php\/beste-batzuk\/#webpage\",\"url\":\"http:\/\/soroa-films.com\/index.php\/beste-batzuk\/\",\"name\":\"Beste batzuk... - SOROA\",\"isPartOf\":{\"@id\":\"http:\/\/soroa-films.com\/#website\"},\"datePublished\":\"2020-09-23T20:10:42+00:00\",\"dateModified\":\"2020-10-13T10:54:23+00:00\",\"inLanguage\":\"es\",\"potentialAction\":[{\"@type\":\"ReadAction\",\"target\":[\"http:\/\/soroa-films.com\/index.php\/beste-batzuk\/\"]}]}]}<\/script>\n<!-- \/ Yoast SEO plugin. -->","_links":{"self":[{"href":"http:\/\/soroa-films.com\/index.php\/wp-json\/wp\/v2\/pages\/42"}],"collection":[{"href":"http:\/\/soroa-films.com\/index.php\/wp-json\/wp\/v2\/pages"}],"about":[{"href":"http:\/\/soroa-films.com\/index.php\/wp-json\/wp\/v2\/types\/page"}],"author":[{"embeddable":true,"href":"http:\/\/soroa-films.com\/index.php\/wp-json\/wp\/v2\/users\/1"}],"replies":[{"embeddable":true,"href":"http:\/\/soroa-films.com\/index.php\/wp-json\/wp\/v2\/comments?post=42"}],"version-history":[{"count":27,"href":"http:\/\/soroa-films.com\/index.php\/wp-json\/wp\/v2\/pages\/42\/revisions"}],"predecessor-version":[{"id":685,"href":"http:\/\/soroa-films.com\/index.php\/wp-json\/wp\/v2\/pages\/42\/revisions\/685"}],"wp:attachment":[{"href":"http:\/\/soroa-films.com\/index.php\/wp-json\/wp\/v2\/media?parent=42"}],"curies":[{"name":"wp","href":"https:\/\/api.w.org\/{rel}","templated":true}]}}